{"id":765,"date":"2023-07-23T18:41:48","date_gmt":"2023-07-23T18:41:48","guid":{"rendered":"http:\/\/gruenpartner.de\/?page_id=765"},"modified":"2023-07-23T18:44:42","modified_gmt":"2023-07-23T18:44:42","slug":"gartengestaltung-in-heiligenhaus","status":"publish","type":"page","link":"https:\/\/gruenpartner.de\/en\/gartengestaltung-in-heiligenhaus\/","title":{"rendered":"Garden design in Heiligenhaus"},"content":{"rendered":"<div data-elementor-type=\"wp-page\" data-elementor-id=\"765\" class=\"elementor elementor-765\" data-elementor-post-type=\"page\">\n\t\t\t\t<div class=\"elementor-element elementor-element-691fa473 e-con-full e-flex e-con e-parent\" data-id=\"691fa473\" data-element_type=\"container\" data-e-type=\"container\" data-settings=\"{&quot;background_background&quot;:&quot;classic&quot;}\">\n\t\t<div class=\"elementor-element elementor-element-2851eb52 e-con-full e-flex e-con e-parent\" data-id=\"2851eb52\" data-element_type=\"container\" data-e-type=\"container\">\n\t\t\t\t<div class=\"elementor-element elementor-element-12d3533c elementor-widget__width-initial elementor-widget-tablet__width-inherit elementor-widget elementor-widget-heading\" data-id=\"12d3533c\" data-element_type=\"widget\" data-e-type=\"widget\" data-widget_type=\"heading.default\">\n\t\t\t\t<div class=\"elementor-widget-container\">\n\t\t\t\t\t<h1 class=\"elementor-heading-title elementor-size-default\">Garden design in <b> Heiligenhaus <\/b><\/h1>\t\t\t\t<\/div>\n\t\t\t\t<\/div>\n\t\t\t\t<div class=\"elementor-element elementor-element-1b2a5baf elementor-widget__width-initial elementor-widget-tablet__width-inherit elementor-widget elementor-widget-text-editor\" data-id=\"1b2a5baf\" data-element_type=\"widget\" data-e-type=\"widget\" data-widget_type=\"text-editor.default\">\n\t\t\t\t<div class=\"elementor-widget-container\">\n\t\t\t\t\t\t\t\t\t<ul><li>Redesign of the outdoor facilities of a detached house in Heiligenhaus<\/li><li>Generous entrance situation laid out in several landings<\/li><li>Garage and parking space are accessible via different staircases<\/li><li>Mediterranean-looking limestone installed as a dry stone wall<\/li><li>Concrete block paving and steps underline the modern ambience of the building<\/li><li>Mediterranean planting with columns, topiary, lavender and grasses<\/li><li>Garden with generous terrace and sun corner planned<\/li><li>Diagonal, loose arrangement of the individual surfaces<\/li><\/ul>\t\t\t\t\t\t\t\t<\/div>\n\t\t\t\t<\/div>\n\t\t\t\t<\/div>\n\t\t\t\t<\/div>\n\t\t<div class=\"elementor-element elementor-element-d46bf7d e-con-full e-flex e-con e-parent\" data-id=\"d46bf7d\" data-element_type=\"container\" data-e-type=\"container\" data-settings=\"{&quot;background_background&quot;:&quot;classic&quot;}\">\n\t\t<div class=\"elementor-element elementor-element-538486f6 e-con-full e-flex e-con e-parent\" data-id=\"538486f6\" data-element_type=\"container\" data-e-type=\"container\">\n\t\t\t\t<div class=\"elementor-element elementor-element-6e5fac17 elementor-widget elementor-widget-gallery\" data-id=\"6e5fac17\" data-element_type=\"widget\" data-e-type=\"widget\" data-settings=\"{&quot;columns&quot;:2,&quot;columns_tablet&quot;:1,&quot;gap&quot;:{&quot;unit&quot;:&quot;px&quot;,&quot;size&quot;:20,&quot;sizes&quot;:[]},&quot;aspect_ratio&quot;:&quot;4:3&quot;,&quot;lazyload&quot;:&quot;yes&quot;,&quot;gallery_layout&quot;:&quot;grid&quot;,&quot;columns_mobile&quot;:1,&quot;gap_tablet&quot;:{&quot;unit&quot;:&quot;px&quot;,&quot;size&quot;:10,&quot;sizes&quot;:[]},&quot;gap_mobile&quot;:{&quot;unit&quot;:&quot;px&quot;,&quot;size&quot;:10,&quot;sizes&quot;:[]},&quot;content_hover_animation&quot;:&quot;fade-in&quot;}\" data-widget_type=\"gallery.default\">\n\t\t\t\t<div class=\"elementor-widget-container\">\n\t\t\t\t\t\t\t<div class=\"elementor-gallery__container\">\n\t\t\t\t\t\t\t<div class=\"e-gallery-item elementor-gallery-item elementor-animated-content\">\n\t\t\t\t\t<div class=\"e-gallery-image elementor-gallery-item__image\" data-thumbnail=\"https:\/\/gruenpartner.de\/wp-content\/uploads\/Gartengestaltung-Duesseldorf-Ratingen-Gruenpartner-33-o85benxhh6lgox1am5zhdzxqgpnszx2wvhevkaydbg.jpg\" data-width=\"900\" data-height=\"638\" aria-label=\"\" role=\"img\" ><\/div>\n\t\t\t\t\t\t\t\t\t\t\t\t\t\t<\/div>\n\t\t\t\t\t\t\t<div class=\"e-gallery-item elementor-gallery-item elementor-animated-content\">\n\t\t\t\t\t<div class=\"e-gallery-image elementor-gallery-item__image\" data-thumbnail=\"https:\/\/gruenpartner.de\/wp-content\/uploads\/Gartengestaltung-Duesseldorf-Ratingen-Gruenpartner-36-o85benxhh6nbsxwyfouqywo64iz6s15zsimz0erhdo.jpg\" data-width=\"900\" data-height=\"966\" aria-label=\"\" role=\"img\" ><\/div>\n\t\t\t\t\t\t\t\t\t\t\t\t\t\t<\/div>\n\t\t\t\t\t\t\t<div class=\"e-gallery-item elementor-gallery-item elementor-animated-content\">\n\t\t\t\t\t<div class=\"e-gallery-image elementor-gallery-item__image\" data-thumbnail=\"https:\/\/gruenpartner.de\/wp-content\/uploads\/Gartengestaltung-Duesseldorf-Ratingen-Gruenpartner-32-o85benxhh6nbe7kgy62wed5kinepcpq651q7rr16lk.jpg\" data-width=\"900\" data-height=\"964\" aria-label=\"\" role=\"img\" ><\/div>\n\t\t\t\t\t\t\t\t\t\t\t\t\t\t<\/div>\n\t\t\t\t\t\t\t<div class=\"e-gallery-item elementor-gallery-item elementor-animated-content\">\n\t\t\t\t\t<div class=\"e-gallery-image elementor-gallery-item__image\" data-thumbnail=\"https:\/\/gruenpartner.de\/wp-content\/uploads\/Gartengestaltung-Duesseldorf-Ratingen-Gruenpartner-34-o85benxhh6lgox1am5zhdzxqgpnszx2wvhevkaydbg.jpg\" data-width=\"900\" data-height=\"638\" aria-label=\"\" role=\"img\" ><\/div>\n\t\t\t\t\t\t\t\t\t\t\t\t\t\t<\/div>\n\t\t\t\t\t\t\t<div class=\"e-gallery-item elementor-gallery-item elementor-animated-content\">\n\t\t\t\t\t<div class=\"e-gallery-image elementor-gallery-item__image\" data-thumbnail=\"https:\/\/gruenpartner.de\/wp-content\/uploads\/Gartengestaltung-Duesseldorf-Ratingen-Gruenpartner-35-1-1536x1025.jpg\" data-width=\"1536\" data-height=\"1025\" aria-label=\"\" role=\"img\" ><\/div>\n\t\t\t\t\t\t\t\t\t\t\t\t\t\t<\/div>\n\t\t\t\t\t<\/div>\n\t\t\t\t\t<\/div>\n\t\t\t\t<\/div>\n\t\t\t\t<\/div>\n\t\t\t\t<\/div>\n\t\t\t\t<\/div>","protected":false},"excerpt":{"rendered":"<p>Gartengestaltung in Heiligenhaus Neugestaltung der Au\u00dfenanlagen eines Einfamilienhauses in Heiligenhaus Gro\u00dfz\u00fcgige Eingangssituation in mehreren Podesten angelegt Garage und Stellplatz sind \u00fcber verschiedene Treppenanlagen zu erreichen Mediterran anmutender Kalkstein als Trockenmauer eingebaut Betonsteinpflaster und Stufen unterstreichen das moderne Ambiente des Geb\u00e4udes Mediterrane Bepflanzung durch S\u00e4ulen, Formschnittgeh\u00f6lze, Lavendel und Gr\u00e4ser Garten mit gro\u00dfz\u00fcgiger Terrasse und Sonnenecke geplant [&hellip;]<\/p>\n","protected":false},"author":1,"featured_media":0,"parent":0,"menu_order":0,"comment_status":"closed","ping_status":"closed","template":"","meta":{"_jet_sm_ready_style":"","_jet_sm_style":"","_jet_sm_controls_values":"","_jet_sm_fonts_collection":"","_jet_sm_fonts_links":"","footnotes":""},"class_list":["post-765","page","type-page","status-publish","hentry"],"_links":{"self":[{"href":"https:\/\/gruenpartner.de\/en\/wp-json\/wp\/v2\/pages\/765","targetHints":{"allow":["GET"]}}],"collection":[{"href":"https:\/\/gruenpartner.de\/en\/wp-json\/wp\/v2\/pages"}],"about":[{"href":"https:\/\/gruenpartner.de\/en\/wp-json\/wp\/v2\/types\/page"}],"author":[{"embeddable":true,"href":"https:\/\/gruenpartner.de\/en\/wp-json\/wp\/v2\/users\/1"}],"replies":[{"embeddable":true,"href":"https:\/\/gruenpartner.de\/en\/wp-json\/wp\/v2\/comments?post=765"}],"version-history":[{"count":4,"href":"https:\/\/gruenpartner.de\/en\/wp-json\/wp\/v2\/pages\/765\/revisions"}],"predecessor-version":[{"id":775,"href":"https:\/\/gruenpartner.de\/en\/wp-json\/wp\/v2\/pages\/765\/revisions\/775"}],"wp:attachment":[{"href":"https:\/\/gruenpartner.de\/en\/wp-json\/wp\/v2\/media?parent=765"}],"curies":[{"name":"wp","href":"https:\/\/api.w.org\/{rel}","templated":true}]}}