{"id":1007,"date":"2023-07-24T02:09:18","date_gmt":"2023-07-24T02:09:18","guid":{"rendered":"http:\/\/gruenpartner.de\/?page_id=1007"},"modified":"2024-04-24T14:48:08","modified_gmt":"2024-04-24T14:48:08","slug":"karriere","status":"publish","type":"page","link":"https:\/\/gruenpartner.de\/en\/karriere\/","title":{"rendered":"Career"},"content":{"rendered":"<div data-elementor-type=\"wp-page\" data-elementor-id=\"1007\" class=\"elementor elementor-1007\" data-elementor-post-type=\"page\">\n\t\t\t\t<div class=\"elementor-element elementor-element-78f5c36 e-con-full e-flex e-con e-parent\" data-id=\"78f5c36\" data-element_type=\"container\" data-e-type=\"container\" data-settings=\"{&quot;background_background&quot;:&quot;classic&quot;}\">\n\t\t<div class=\"elementor-element elementor-element-db7ff75 e-con-full e-flex e-con e-child\" data-id=\"db7ff75\" data-element_type=\"container\" data-e-type=\"container\">\n\t\t\t\t<div class=\"elementor-element elementor-element-4dd5e12 elementor-widget__width-initial elementor-widget-tablet__width-inherit elementor-widget elementor-widget-heading\" data-id=\"4dd5e12\" data-element_type=\"widget\" data-e-type=\"widget\" data-widget_type=\"heading.default\">\n\t\t\t\t<div class=\"elementor-widget-container\">\n\t\t\t\t\t<h2 class=\"elementor-heading-title elementor-size-default\"><i>Stony<\/i> Way of the <b>Professional life<\/b>?<\/h2>\t\t\t\t<\/div>\n\t\t\t\t<\/div>\n\t\t\t\t<\/div>\n\t\t<div class=\"elementor-element elementor-element-f28e83a e-con-full e-flex e-con e-child\" data-id=\"f28e83a\" data-element_type=\"container\" data-e-type=\"container\">\n\t\t\t\t<div class=\"elementor-element elementor-element-3e8a6a9 elementor-widget__width-initial elementor-widget-tablet__width-inherit elementor-widget elementor-widget-text-editor\" data-id=\"3e8a6a9\" data-element_type=\"widget\" data-e-type=\"widget\" data-widget_type=\"text-editor.default\">\n\t\t\t\t<div class=\"elementor-widget-container\">\n\t\t\t\t\t\t\t\t\t<p>It doesn't sound so bad to us \ud83d\ude09 . <br \/>We are a young, dynamic team that designs landscapes with enthusiasm.<\/p><p>With pay above the standard rate and modern machinery, work is twice as much fun!<\/p><p>For us, it's not just about mowing lawns and trimming bushes. Our versatile garden design projects open up a world of creativity and careful planning.<\/p><p><strong>Sounds exciting? Then YOU are exactly right with us!<\/strong><\/p><p>Email us, call us or connect with us on social media. We look forward to hearing from you.<\/p>\t\t\t\t\t\t\t\t<\/div>\n\t\t\t\t<\/div>\n\t\t\t\t<\/div>\n\t\t\t\t<\/div>\n\t\t<div class=\"elementor-element elementor-element-f5d4320 e-con-full e-flex e-con e-parent\" data-id=\"f5d4320\" data-element_type=\"container\" data-e-type=\"container\" data-settings=\"{&quot;background_background&quot;:&quot;classic&quot;}\">\n\t\t<div class=\"elementor-element elementor-element-f971c45 e-con-full e-flex e-con e-child\" data-id=\"f971c45\" data-element_type=\"container\" data-e-type=\"container\">\n\t\t\t\t<div class=\"elementor-element elementor-element-01e5286 elementor-widget__width-initial elementor-widget-tablet__width-inherit elementor-widget elementor-widget-heading\" data-id=\"01e5286\" data-element_type=\"widget\" data-e-type=\"widget\" data-widget_type=\"heading.default\">\n\t\t\t\t<div class=\"elementor-widget-container\">\n\t\t\t\t\t<h2 class=\"elementor-heading-title elementor-size-default\">To strengthen our team, we are looking for :<\/h2>\t\t\t\t<\/div>\n\t\t\t\t<\/div>\n\t\t\t\t<\/div>\n\t\t\t\t<\/div>\n\t\t<div class=\"elementor-element elementor-element-50463e6 e-con-full e-flex e-con e-parent\" data-id=\"50463e6\" data-element_type=\"container\" data-e-type=\"container\" data-settings=\"{&quot;background_background&quot;:&quot;classic&quot;}\">\n\t\t<div class=\"elementor-element elementor-element-3e5b819 e-con-full e-flex e-con e-child\" data-id=\"3e5b819\" data-element_type=\"container\" data-e-type=\"container\">\n\t\t\t\t<div class=\"elementor-element elementor-element-70c3c6d elementor-widget elementor-widget-html\" data-id=\"70c3c6d\" data-element_type=\"widget\" data-e-type=\"widget\" data-widget_type=\"html.default\">\n\t\t\t\t<div class=\"elementor-widget-container\">\n\t\t\t\t\t<div id=\"join-widget\">\n        <script\n          defer\n          type=\"text\/javascript\"\n          data-mount-in=\"#join-widget\"\n          src=\"https:\/\/join.com\/api\/widget\/bundle\/eyJhbGciOiJIUzI1NiIsInR5cCI6IkpXVCJ9.eyJzZXR0aW5ncyI6eyJzaG93Q2F0ZWdvcnlGaWx0ZXIiOmZhbHNlLCJzaG93TG9jYXRpb25GaWx0ZXIiOmZhbHNlLCJzaG93RW1wbG95bWVudFR5cGVGaWx0ZXIiOmZhbHNlLCJsYW5ndWFnZSI6ImRlIiwiam9ic1BlclBhZ2UiOjI1fSwiam9icyI6e30sImRlc2lnbiI6eyJzaG93TG9nbyI6dHJ1ZSwic2hvd0xvY2F0aW9uIjpmYWxzZSwic2hvd0VtcGxveW1lbnRUeXBlIjpmYWxzZSwic2hvd0NhdGVnb3J5IjpmYWxzZSwiY29sb3JzIjp7IndpZGdldCI6eyJiYWNrZ3JvdW5kIjoiI0ZGRkZGRiIsImZpbHRlckJvcmRlciI6IiNENEQ0RDgiLCJwYWdpbmF0aW9uIjoiIzI1NjNFQiJ9LCJqb2JDYXJkIjp7InNoYWRvdyI6IiNENEQ0RDgiLCJiYWNrZ3JvdW5kIjoiI0ZGRkZGRiIsInByaW1hcnlUZXh0IjoiIzNGM0Y0NiIsInNlY29uZGFyeVRleHQiOiIjNTI1MjVCIn19fSwidmVyc2lvbiI6MiwiY29tcGFueVB1YmxpY0lkIjoiNGUzZDU4ZWQxZGUyMjA2NDAyNTk3M2UwOWM2NGVjMDMiLCJpYXQiOjE3MTM5Njk2MzEsImp0aSI6IjA0ZGQwYTAzLWY3NWEtNGRmZC05NGYyLWFjYWUyMDE2YmUxMCJ9.uFvfPXgd4KxCpK5_df5-q4eiWb8YZgdufCBjqZc-ZgA\"\n        ><\/script>\n      <\/div>\t\t\t\t<\/div>\n\t\t\t\t<\/div>\n\t\t\t\t<\/div>\n\t\t\t\t<\/div>\n\t\t<div class=\"elementor-element elementor-element-3941baf e-con-full e-flex e-con e-parent\" data-id=\"3941baf\" data-element_type=\"container\" data-e-type=\"container\">\n\t\t\t\t<div class=\"elementor-element elementor-element-557ff25 elementor-widget elementor-widget-image\" data-id=\"557ff25\" data-element_type=\"widget\" data-e-type=\"widget\" data-widget_type=\"image.default\">\n\t\t\t\t<div class=\"elementor-widget-container\">\n\t\t\t\t\t\t\t\t\t\t\t\t\t\t\t<img fetchpriority=\"high\" decoding=\"async\" width=\"2560\" height=\"1707\" src=\"https:\/\/gruenpartner.de\/wp-content\/uploads\/MGX9344-scaled-1.jpg\" class=\"attachment-large size-large wp-image-1102\" alt=\"\" srcset=\"https:\/\/gruenpartner.de\/wp-content\/uploads\/\/MGX9344-scaled-1.jpg 2560w, https:\/\/gruenpartner.de\/wp-content\/uploads\/\/MGX9344-scaled-1-768x512.jpg 768w, https:\/\/gruenpartner.de\/wp-content\/uploads\/\/MGX9344-scaled-1-1536x1024.jpg 1536w, https:\/\/gruenpartner.de\/wp-content\/uploads\/\/MGX9344-scaled-1-2048x1366.jpg 2048w, https:\/\/gruenpartner.de\/wp-content\/uploads\/\/MGX9344-scaled-1-18x12.jpg 18w\" sizes=\"(max-width: 2560px) 100vw, 2560px\" \/>\t\t\t\t\t\t\t\t\t\t\t\t\t\t\t<\/div>\n\t\t\t\t<\/div>\n\t\t\t\t<\/div>\n\t\t\t\t<\/div>","protected":false},"excerpt":{"rendered":"<p>Steiniger Weg des Berufslebens? F\u00fcr uns klingt es gar nicht so schlecht \ud83d\ude09. Wir sind ein junges, dynamisches Team, das mit Begeisterung Landschaften gestaltet. Mit \u00fcbertariflicher Bezahlung und einem modernen Maschinenpark macht die Arbeit gleich doppelt so viel Spa\u00df! Bei uns geht es nicht nur darum, Rasen zu m\u00e4hen und B\u00fcsche zu trimmen. Unsere vielseitigen [&hellip;]<\/p>\n","protected":false},"author":1,"featured_media":0,"parent":0,"menu_order":0,"comment_status":"closed","ping_status":"closed","template":"","meta":{"_jet_sm_ready_style":"","_jet_sm_style":"","_jet_sm_controls_values":"","_jet_sm_fonts_collection":"","_jet_sm_fonts_links":"","footnotes":""},"class_list":["post-1007","page","type-page","status-publish","hentry"],"_links":{"self":[{"href":"https:\/\/gruenpartner.de\/en\/wp-json\/wp\/v2\/pages\/1007","targetHints":{"allow":["GET"]}}],"collection":[{"href":"https:\/\/gruenpartner.de\/en\/wp-json\/wp\/v2\/pages"}],"about":[{"href":"https:\/\/gruenpartner.de\/en\/wp-json\/wp\/v2\/types\/page"}],"author":[{"embeddable":true,"href":"https:\/\/gruenpartner.de\/en\/wp-json\/wp\/v2\/users\/1"}],"replies":[{"embeddable":true,"href":"https:\/\/gruenpartner.de\/en\/wp-json\/wp\/v2\/comments?post=1007"}],"version-history":[{"count":40,"href":"https:\/\/gruenpartner.de\/en\/wp-json\/wp\/v2\/pages\/1007\/revisions"}],"predecessor-version":[{"id":2042,"href":"https:\/\/gruenpartner.de\/en\/wp-json\/wp\/v2\/pages\/1007\/revisions\/2042"}],"wp:attachment":[{"href":"https:\/\/gruenpartner.de\/en\/wp-json\/wp\/v2\/media?parent=1007"}],"curies":[{"name":"wp","href":"https:\/\/api.w.org\/{rel}","templated":true}]}}